{"id":53,"date":"2020-09-30T21:33:53","date_gmt":"2020-09-30T19:33:53","guid":{"rendered":"http:\/\/hdilhlf.cluster023.hosting.ovh.net\/?page_id=53"},"modified":"2020-10-03T22:27:53","modified_gmt":"2020-10-03T20:27:53","slug":"combien-ca-coute-de-voler-en-planeur","status":"publish","type":"page","link":"https:\/\/preprod.sensplaneur.fr\/index.php\/combien-ca-coute-de-voler-en-planeur\/","title":{"rendered":"Combien \u00e7a co\u00fbte de voler en planeur?"},"content":{"rendered":"\n<h2>Une activit\u00e9 tr\u00e8s accessible<\/h2>\n\n\n\n<p>Au club de Sens Planeur, l\u2019heure de vol revient en moyenne \u00e0&nbsp;<strong>39\u20ac&nbsp;<\/strong>pour un pilote brevet\u00e9.<br>Le budget** pour obtenir votre brevet de pilote de planeur avoisinera&nbsp;<strong>1000\u20ac&nbsp;<\/strong>si vous avez moins de 25 ans (<em>gr\u00e2ce notamment aux bourses F\u00e9d\u00e9rales<\/em>) et&nbsp;<strong>1600\u20ac&nbsp;<\/strong>si vous avez plus de 25 ans.<\/p>\n\n\n\n<h3>Pourquoi est-ce moins cher que vous ne le pensiez ?<\/h3>\n\n\n\n<p>L\u2019instruction est gratuite, elle est assur\u00e9e par des instructeurs b\u00e9n\u00e9voles.<br>Les planeurs appartiennent au club et sont entretenus par des membres qualifi\u00e9s.<br>Les planeurs n\u2019ont pas de moteur ce qui engendre moins de co\u00fbts de fonctionnement et d\u2019entretien.<\/p>\n\n\n\n<p><em>** Le budget pour obtenir votre de brevet comprend :<\/em><br>\u2013&nbsp;<em>Votre adh\u00e9sion au club<\/em><br>\u2013&nbsp;<em>Votre licence-assurance \u00e0 la F\u00e9d\u00e9ration Fran\u00e7aise de Vol en Planeur<\/em><br>\u2013&nbsp;<em>Les vols et les frais de mise en l\u2019air<\/em><\/p>\n\n\n\n<p>Selon vos objectifs, vous pourrez :<\/p>\n\n\n\n<ul><li>vous initier avec un&nbsp;<a href=\"http:\/\/hdilhlf.cluster023.hosting.ovh.net\/index.php\/combien-ca-coute-de-voler-en-planeur\/le-vol-dinitiation\/\">vol d\u2019initiation<\/a><\/li><li>d\u00e9couvrir le pilotage sur quelques jours avec la&nbsp;<a href=\"#\">licence d\u00e9couverte<\/a>&nbsp;de 3 ou 6 vols<\/li><li>pratiquer \u00e0 l\u2019ann\u00e9e avec la&nbsp;<a href=\"http:\/\/hdilhlf.cluster023.hosting.ovh.net\/index.php\/combien-ca-coute-de-voler-en-planeur\/devenir-pilote\/\">licence passion<\/a><\/li><\/ul>\n\n\n\n<div class=\"wp-block-group\"><div class=\"wp-block-group__inner-container\">\n<div class=\"wp-block-columns\">\n<div class=\"wp-block-column\">\n<p class=\"wp-block-themeisle-blocks-font-awesome-icons\" id=\"wp-block-themeisle-blocks-font-awesome-icons-9b4111c4\"><span class=\"wp-block-themeisle-blocks-font-awesome-icons-container\"><a href=\"http:\/\/hdilhlf.cluster023.hosting.ovh.net\/index.php\/combien-ca-coute-de-voler-en-planeur\/devenir-pilote\/\" target=\"_self\" rel=\"noopener noreferrer\"><i class=\"far fa-paper-plane\"><\/i><\/a><\/span><\/p>\n\n\n\n<h4 class=\"has-text-align-center\"><strong><a href=\"http:\/\/hdilhlf.cluster023.hosting.ovh.net\/index.php\/combien-ca-coute-de-voler-en-planeur\/devenir-pilote\/\">Devenir pilote<\/a><\/strong><\/h4>\n<\/div>\n\n\n\n<div class=\"wp-block-column\">\n<p class=\"wp-block-themeisle-blocks-font-awesome-icons\" id=\"wp-block-themeisle-blocks-font-awesome-icons-f7a93216\"><span class=\"wp-block-themeisle-blocks-font-awesome-icons-container\"><a href=\"http:\/\/hdilhlf.cluster023.hosting.ovh.net\/index.php\/combien-ca-coute-de-voler-en-planeur\/offrir-un-vol\/\" target=\"_self\" rel=\"noopener noreferrer\"><i class=\"fas fa-gift\"><\/i><\/a><\/span><\/p>\n\n\n\n<h4 class=\"has-text-align-center\"><strong><a href=\"http:\/\/hdilhlf.cluster023.hosting.ovh.net\/index.php\/combien-ca-coute-de-voler-en-planeur\/le-vol-dinitiation\/\">Offrir un vol<\/a><\/strong><\/h4>\n<\/div>\n<\/div>\n<\/div><\/div>\n\n\n\n<hr class=\"wp-block-separator\"\/>\n\n\n\n<p><\/p>\n\n\n\n<div class=\"wp-block-buttons aligncenter\">\n<div class=\"wp-block-button is-style-outline\"><a class=\"wp-block-button__link has-accent-color has-white-background-color has-text-color has-background\" style=\"border-radius:2px\">Grille d\u00e9taill\u00e9e de nos tarifs<\/a><\/div>\n\n\n\n<div class=\"wp-block-button is-style-outline\"><a class=\"wp-block-button__link has-accent-color has-white-background-color has-text-color has-background\" href=\"https:\/\/www.ffvp.fr\/les-bourses\" style=\"border-radius:2px\" target=\"_blank\" rel=\"noreferrer noopener nofollow\">Les bourses -25 ans FFVP<\/a><\/div>\n<\/div>\n","protected":false},"excerpt":{"rendered":"<p>Une activit\u00e9 tr\u00e8s accessible Au club de Sens Planeur, l\u2019heure de vol revient en moyenne \u00e0&nbsp;39\u20ac&nbsp;pour un pilote brevet\u00e9.Le budget** pour obtenir votre brevet de pilote de planeur avoisinera&nbsp;1000\u20ac&nbsp;si vous avez moins de 25 ans (gr\u00e2ce notamment aux bourses F\u00e9d\u00e9rales) et&nbsp;1600\u20ac&nbsp;si vous avez plus de 25 ans. Pourquoi est-ce moins [&hellip;]<\/p>\n","protected":false},"author":1,"featured_media":74,"parent":0,"menu_order":0,"comment_status":"closed","ping_status":"closed","template":"","meta":[],"yoast_head":"<!-- This site is optimized with the Yoast SEO plugin v14.9 - https:\/\/yoast.com\/wordpress\/plugins\/seo\/ -->\n<title>Combien \u00e7a co\u00fbte de voler en planeur? - Sens Planeur<\/title>\n<meta name=\"robots\" content=\"noindex, follow, max-snippet:-1, max-image-preview:large, max-video-preview:-1\" \/>\n<meta property=\"og:locale\" content=\"en_US\" \/>\n<meta property=\"og:type\" content=\"article\" \/>\n<meta property=\"og:title\" content=\"Combien \u00e7a co\u00fbte de voler en planeur? - Sens Planeur\" \/>\n<meta property=\"og:description\" content=\"Une activit\u00e9 tr\u00e8s accessible Au club de Sens Planeur, l\u2019heure de vol revient en moyenne \u00e0&nbsp;39\u20ac&nbsp;pour un pilote brevet\u00e9.Le budget** pour obtenir votre brevet de pilote de planeur avoisinera&nbsp;1000\u20ac&nbsp;si vous avez moins de 25 ans (gr\u00e2ce notamment aux bourses F\u00e9d\u00e9rales) et&nbsp;1600\u20ac&nbsp;si vous avez plus de 25 ans. Pourquoi est-ce moins [&hellip;]\" \/>\n<meta property=\"og:url\" content=\"http:\/\/hdilhlf.cluster023.hosting.ovh.net\/index.php\/combien-ca-coute-de-voler-en-planeur\/\" \/>\n<meta property=\"og:site_name\" content=\"Sens Planeur\" \/>\n<meta property=\"article:publisher\" content=\"https:\/\/www.facebook.com\/planeursens\/\" \/>\n<meta property=\"article:modified_time\" content=\"2020-10-03T20:27:53+00:00\" \/>\n<meta property=\"og:image\" content=\"https:\/\/preprod.sensplaneur.fr\/wp-content\/uploads\/2020\/09\/Planeur-DG600-Pre\u0302t-au-de\u0301part-Juillet-2020-Sens-Planeur-1.jpg\" \/>\n\t<meta property=\"og:image:width\" content=\"2016\" \/>\n\t<meta property=\"og:image:height\" content=\"1205\" \/>\n<meta name=\"twitter:card\" content=\"summary_large_image\" \/>\n<script type=\"application\/ld+json\" class=\"yoast-schema-graph\">{\"@context\":\"https:\/\/schema.org\",\"@graph\":[{\"@type\":\"Organization\",\"@id\":\"https:\/\/preprod.sensplaneur.fr\/#organization\",\"name\":\"Sens Planeur\",\"url\":\"https:\/\/preprod.sensplaneur.fr\/\",\"sameAs\":[\"https:\/\/www.facebook.com\/planeursens\/\",\"https:\/\/www.instagram.com\/planeur_sens\/\"],\"logo\":{\"@type\":\"ImageObject\",\"@id\":\"https:\/\/preprod.sensplaneur.fr\/#logo\",\"inLanguage\":\"en-US\",\"url\":\"https:\/\/preprod.sensplaneur.fr\/wp-content\/uploads\/2020\/09\/logo_sens-planeur-300x300-1.png\",\"width\":300,\"height\":300,\"caption\":\"Sens Planeur\"},\"image\":{\"@id\":\"https:\/\/preprod.sensplaneur.fr\/#logo\"}},{\"@type\":\"WebSite\",\"@id\":\"https:\/\/preprod.sensplaneur.fr\/#website\",\"url\":\"https:\/\/preprod.sensplaneur.fr\/\",\"name\":\"Sens Planeur\",\"description\":\"Club de planeur en Bourgogne\",\"publisher\":{\"@id\":\"https:\/\/preprod.sensplaneur.fr\/#organization\"},\"potentialAction\":[{\"@type\":\"SearchAction\",\"target\":\"https:\/\/preprod.sensplaneur.fr\/?s={search_term_string}\",\"query-input\":\"required name=search_term_string\"}],\"inLanguage\":\"en-US\"},{\"@type\":\"ImageObject\",\"@id\":\"http:\/\/hdilhlf.cluster023.hosting.ovh.net\/index.php\/combien-ca-coute-de-voler-en-planeur\/#primaryimage\",\"inLanguage\":\"en-US\",\"url\":\"https:\/\/preprod.sensplaneur.fr\/wp-content\/uploads\/2020\/09\/Planeur-DG600-Pre\\u0302t-au-de\\u0301part-Juillet-2020-Sens-Planeur-1.jpg\",\"width\":2016,\"height\":1205},{\"@type\":\"WebPage\",\"@id\":\"http:\/\/hdilhlf.cluster023.hosting.ovh.net\/index.php\/combien-ca-coute-de-voler-en-planeur\/#webpage\",\"url\":\"http:\/\/hdilhlf.cluster023.hosting.ovh.net\/index.php\/combien-ca-coute-de-voler-en-planeur\/\",\"name\":\"Combien \\u00e7a co\\u00fbte de voler en planeur? - Sens Planeur\",\"isPartOf\":{\"@id\":\"https:\/\/preprod.sensplaneur.fr\/#website\"},\"primaryImageOfPage\":{\"@id\":\"http:\/\/hdilhlf.cluster023.hosting.ovh.net\/index.php\/combien-ca-coute-de-voler-en-planeur\/#primaryimage\"},\"datePublished\":\"2020-09-30T19:33:53+00:00\",\"dateModified\":\"2020-10-03T20:27:53+00:00\",\"inLanguage\":\"en-US\",\"potentialAction\":[{\"@type\":\"ReadAction\",\"target\":[\"http:\/\/hdilhlf.cluster023.hosting.ovh.net\/index.php\/combien-ca-coute-de-voler-en-planeur\/\"]}]}]}<\/script>\n<!-- \/ Yoast SEO plugin. -->","_links":{"self":[{"href":"https:\/\/preprod.sensplaneur.fr\/index.php\/wp-json\/wp\/v2\/pages\/53"}],"collection":[{"href":"https:\/\/preprod.sensplaneur.fr\/index.php\/wp-json\/wp\/v2\/pages"}],"about":[{"href":"https:\/\/preprod.sensplaneur.fr\/index.php\/wp-json\/wp\/v2\/types\/page"}],"author":[{"embeddable":true,"href":"https:\/\/preprod.sensplaneur.fr\/index.php\/wp-json\/wp\/v2\/users\/1"}],"replies":[{"embeddable":true,"href":"https:\/\/preprod.sensplaneur.fr\/index.php\/wp-json\/wp\/v2\/comments?post=53"}],"version-history":[{"count":21,"href":"https:\/\/preprod.sensplaneur.fr\/index.php\/wp-json\/wp\/v2\/pages\/53\/revisions"}],"predecessor-version":[{"id":217,"href":"https:\/\/preprod.sensplaneur.fr\/index.php\/wp-json\/wp\/v2\/pages\/53\/revisions\/217"}],"wp:featuredmedia":[{"embeddable":true,"href":"https:\/\/preprod.sensplaneur.fr\/index.php\/wp-json\/wp\/v2\/media\/74"}],"wp:attachment":[{"href":"https:\/\/preprod.sensplaneur.fr\/index.php\/wp-json\/wp\/v2\/media?parent=53"}],"curies":[{"name":"wp","href":"https:\/\/api.w.org\/{rel}","templated":true}]}}