{"id":197,"date":"2020-10-03T21:03:42","date_gmt":"2020-10-03T19:03:42","guid":{"rendered":"http:\/\/hdilhlf.cluster023.hosting.ovh.net\/?page_id=197"},"modified":"2020-10-03T22:10:39","modified_gmt":"2020-10-03T20:10:39","slug":"lea-pilote-planeur","status":"publish","type":"page","link":"https:\/\/preprod.sensplaneur.fr\/index.php\/lea-pilote-planeur\/","title":{"rendered":"Lea, pilote planeur"},"content":{"rendered":"\n<div class=\"wp-block-themeisle-blocks-advanced-columns has-1-columns has-desktop-equal-layout has-tablet-equal-layout has-mobile-equal-layout has-default-gap has-vertical-unset\" id=\"wp-block-themeisle-blocks-advanced-columns-7f4fe19f\"><div class=\"wp-block-themeisle-blocks-advanced-columns-overlay\"><\/div><div class=\"innerblocks-wrap\">\n<div class=\"wp-block-themeisle-blocks-advanced-column\" id=\"wp-block-themeisle-blocks-advanced-column-2ff4fd7c\">\n<p class=\"has-drop-cap\"><strong>Lorem Ipsum<\/strong>\u00a0is simply dummy text of the printing and typesetting industry. Lorem Ipsum has been the industry&#8217;s standard dummy text ever since the 1500s, when an unknown printer took a galley of type and scrambled it to make a type specimen book. It has survived not only five centuries, but also the leap into electronic typesetting, remaining essentially unchanged. It was popularised in the 1960s with the release of Letraset sheets containing Lorem Ipsum passages, and more recently with desktop publishing software like Aldus PageMaker including versions of Lorem Ipsum.<\/p>\n\n\n\n<p>L\u00e9a<\/p>\n\n\n\n<p>Profil<br> ( pr\u00e9nom, surnom etc )<br>Quel \u00e2ge as-tu ?<br>Ton m\u00e9tier ( \u00e0 reformuler )<br>Parcours<br>Comment as-tu d\u00e9couvert le planeur ?<br>Depuis combien de temps le pratiques-tu ?<br>Quel est ton meilleur souvenir ?<br>qu&#8217;est-ce que le planeur repr\u00e9sente pour toi ?<br>Pratique<br>Est-ce que tu voles souvent ? Combien de temps r\u00e9serves-tu \u00e0 ta passion ?<br>(Quel est ton planeur pr\u00e9f\u00e9r\u00e9 et pourquoi ?)<br>Si tu devais d\u00e9crire cette activit\u00e9 en une phrase ?<br>Quelles sont les qualit\u00e9s requises pour un bon pilote de planeur ?<br>(Quel sera ton prochain vol ?)<br>Comment se d\u00e9roule ta journ\u00e9e de planeur ?<br>As-tu un conseil \u00e0 donner \u00e0 un futur pilote ?<\/p>\n<\/div>\n<\/div><\/div>\n\n\n\n<figure class=\"wp-block-image size-large is-style-rounded\"><img loading=\"lazy\" width=\"1024\" height=\"768\" src=\"http:\/\/hdilhlf.cluster023.hosting.ovh.net\/wp-content\/uploads\/2020\/10\/Lea_Mise-en-piste-Alliance-34_Sens-Planeur-1024x768.jpg\" alt=\"\" class=\"wp-image-160\" srcset=\"https:\/\/preprod.sensplaneur.fr\/wp-content\/uploads\/2020\/10\/Lea_Mise-en-piste-Alliance-34_Sens-Planeur-1024x768.jpg 1024w, https:\/\/preprod.sensplaneur.fr\/wp-content\/uploads\/2020\/10\/Lea_Mise-en-piste-Alliance-34_Sens-Planeur-300x225.jpg 300w, https:\/\/preprod.sensplaneur.fr\/wp-content\/uploads\/2020\/10\/Lea_Mise-en-piste-Alliance-34_Sens-Planeur-768x576.jpg 768w, https:\/\/preprod.sensplaneur.fr\/wp-content\/uploads\/2020\/10\/Lea_Mise-en-piste-Alliance-34_Sens-Planeur-1536x1152.jpg 1536w, https:\/\/preprod.sensplaneur.fr\/wp-content\/uploads\/2020\/10\/Lea_Mise-en-piste-Alliance-34_Sens-Planeur-2048x1536.jpg 2048w\" sizes=\"(max-width: 1024px) 100vw, 1024px\" \/><figcaption>Lorem ipsum<\/figcaption><\/figure>\n","protected":false},"excerpt":{"rendered":"","protected":false},"author":1,"featured_media":164,"parent":0,"menu_order":0,"comment_status":"closed","ping_status":"closed","template":"","meta":[],"yoast_head":"<!-- This site is optimized with the Yoast SEO plugin v14.9 - https:\/\/yoast.com\/wordpress\/plugins\/seo\/ -->\n<title>Lea, pilote planeur - Sens Planeur<\/title>\n<meta name=\"robots\" content=\"noindex, follow, max-snippet:-1, max-image-preview:large, max-video-preview:-1\" \/>\n<meta property=\"og:locale\" content=\"en_US\" \/>\n<meta property=\"og:type\" content=\"article\" \/>\n<meta property=\"og:title\" content=\"Lea, pilote planeur - Sens Planeur\" \/>\n<meta property=\"og:url\" content=\"http:\/\/hdilhlf.cluster023.hosting.ovh.net\/index.php\/lea-pilote-planeur\/\" \/>\n<meta property=\"og:site_name\" content=\"Sens Planeur\" \/>\n<meta property=\"article:publisher\" content=\"https:\/\/www.facebook.com\/planeursens\/\" \/>\n<meta property=\"article:modified_time\" content=\"2020-10-03T20:10:39+00:00\" \/>\n<meta property=\"og:image\" content=\"https:\/\/preprod.sensplaneur.fr\/wp-content\/uploads\/2020\/10\/Lea_Vol-solo-Alliance-34_Sens-Planeur.jpg\" \/>\n\t<meta property=\"og:image:width\" content=\"2398\" \/>\n\t<meta property=\"og:image:height\" content=\"1658\" \/>\n<meta name=\"twitter:card\" content=\"summary_large_image\" \/>\n<script type=\"application\/ld+json\" class=\"yoast-schema-graph\">{\"@context\":\"https:\/\/schema.org\",\"@graph\":[{\"@type\":\"Organization\",\"@id\":\"https:\/\/preprod.sensplaneur.fr\/#organization\",\"name\":\"Sens Planeur\",\"url\":\"https:\/\/preprod.sensplaneur.fr\/\",\"sameAs\":[\"https:\/\/www.facebook.com\/planeursens\/\",\"https:\/\/www.instagram.com\/planeur_sens\/\"],\"logo\":{\"@type\":\"ImageObject\",\"@id\":\"https:\/\/preprod.sensplaneur.fr\/#logo\",\"inLanguage\":\"en-US\",\"url\":\"https:\/\/preprod.sensplaneur.fr\/wp-content\/uploads\/2020\/09\/logo_sens-planeur-300x300-1.png\",\"width\":300,\"height\":300,\"caption\":\"Sens Planeur\"},\"image\":{\"@id\":\"https:\/\/preprod.sensplaneur.fr\/#logo\"}},{\"@type\":\"WebSite\",\"@id\":\"https:\/\/preprod.sensplaneur.fr\/#website\",\"url\":\"https:\/\/preprod.sensplaneur.fr\/\",\"name\":\"Sens Planeur\",\"description\":\"Club de planeur en Bourgogne\",\"publisher\":{\"@id\":\"https:\/\/preprod.sensplaneur.fr\/#organization\"},\"potentialAction\":[{\"@type\":\"SearchAction\",\"target\":\"https:\/\/preprod.sensplaneur.fr\/?s={search_term_string}\",\"query-input\":\"required name=search_term_string\"}],\"inLanguage\":\"en-US\"},{\"@type\":\"ImageObject\",\"@id\":\"http:\/\/hdilhlf.cluster023.hosting.ovh.net\/index.php\/lea-pilote-planeur\/#primaryimage\",\"inLanguage\":\"en-US\",\"url\":\"https:\/\/preprod.sensplaneur.fr\/wp-content\/uploads\/2020\/10\/Lea_Vol-solo-Alliance-34_Sens-Planeur.jpg\",\"width\":2398,\"height\":1658},{\"@type\":\"WebPage\",\"@id\":\"http:\/\/hdilhlf.cluster023.hosting.ovh.net\/index.php\/lea-pilote-planeur\/#webpage\",\"url\":\"http:\/\/hdilhlf.cluster023.hosting.ovh.net\/index.php\/lea-pilote-planeur\/\",\"name\":\"Lea, pilote planeur - Sens Planeur\",\"isPartOf\":{\"@id\":\"https:\/\/preprod.sensplaneur.fr\/#website\"},\"primaryImageOfPage\":{\"@id\":\"http:\/\/hdilhlf.cluster023.hosting.ovh.net\/index.php\/lea-pilote-planeur\/#primaryimage\"},\"datePublished\":\"2020-10-03T19:03:42+00:00\",\"dateModified\":\"2020-10-03T20:10:39+00:00\",\"inLanguage\":\"en-US\",\"potentialAction\":[{\"@type\":\"ReadAction\",\"target\":[\"http:\/\/hdilhlf.cluster023.hosting.ovh.net\/index.php\/lea-pilote-planeur\/\"]}]}]}<\/script>\n<!-- \/ Yoast SEO plugin. -->","_links":{"self":[{"href":"https:\/\/preprod.sensplaneur.fr\/index.php\/wp-json\/wp\/v2\/pages\/197"}],"collection":[{"href":"https:\/\/preprod.sensplaneur.fr\/index.php\/wp-json\/wp\/v2\/pages"}],"about":[{"href":"https:\/\/preprod.sensplaneur.fr\/index.php\/wp-json\/wp\/v2\/types\/page"}],"author":[{"embeddable":true,"href":"https:\/\/preprod.sensplaneur.fr\/index.php\/wp-json\/wp\/v2\/users\/1"}],"replies":[{"embeddable":true,"href":"https:\/\/preprod.sensplaneur.fr\/index.php\/wp-json\/wp\/v2\/comments?post=197"}],"version-history":[{"count":3,"href":"https:\/\/preprod.sensplaneur.fr\/index.php\/wp-json\/wp\/v2\/pages\/197\/revisions"}],"predecessor-version":[{"id":211,"href":"https:\/\/preprod.sensplaneur.fr\/index.php\/wp-json\/wp\/v2\/pages\/197\/revisions\/211"}],"wp:featuredmedia":[{"embeddable":true,"href":"https:\/\/preprod.sensplaneur.fr\/index.php\/wp-json\/wp\/v2\/media\/164"}],"wp:attachment":[{"href":"https:\/\/preprod.sensplaneur.fr\/index.php\/wp-json\/wp\/v2\/media?parent=197"}],"curies":[{"name":"wp","href":"https:\/\/api.w.org\/{rel}","templated":true}]}}