{"id":182,"date":"2020-10-03T20:37:23","date_gmt":"2020-10-03T18:37:23","guid":{"rendered":"http:\/\/hdilhlf.cluster023.hosting.ovh.net\/?page_id=182"},"modified":"2020-10-04T08:58:45","modified_gmt":"2020-10-04T06:58:45","slug":"contact","status":"publish","type":"page","link":"https:\/\/preprod.sensplaneur.fr\/index.php\/contact\/","title":{"rendered":"Restons en contact"},"content":{"rendered":"\n<p>Le club est ouvert toute l&#8217;ann\u00e9e, les mercredi, week-end et jour f\u00e9ri\u00e9s et tous les jours pendant les vacances scolaires<\/p>\n\n\n\n<div class=\"wp-block-columns\">\n<div class=\"wp-block-column\">\n<h2 class=\"far fa-map\">Venez-nous rendre visite<\/h2>\n\n\n\n<h3 class=\"fas fa-map-marker-alt\"> Au sol<\/h3>\n\n\n\n<p>Sens Planeur<br>A\u00e9rodrome de Pont-Sur-Yonne<br>89 140 Pont-Sur-Yonne<\/p>\n\n\n\n<h3 class=\"fas fa-plane-arrival\"> En vol<\/h3>\n\n\n\n<p><br><em>et pour les initi\u00e9s qui souhaitent venir en vol, le code OACI de Pont-sur-YONNE est&nbsp;<a href=\"https:\/\/www.sia.aviation-civile.gouv.fr\/dvd\/eAIP_13_AUG_2020\/Atlas-VAC\/PDF_AIPparSSection\/VAC\/AD\/AD-2.LFGO.pdf\" rel=\"noreferrer noopener\" target=\"_blank\">LFGO<\/a><\/em><\/p>\n\n\n\n<h2 class=\"fas fa-mobile-alt\"> Appelez-nous<\/h2>\n\n\n\n<p>03 86 67 13 09<\/p>\n<\/div>\n\n\n\n<div class=\"wp-block-column\">\n<h2 class=\"far fa-envelope\"> Contactez-nous<\/h2>\n\n\n<div class=\"wpforms-container wpforms-container-full\" id=\"wpforms-33\"><form id=\"wpforms-form-33\" class=\"wpforms-validate wpforms-form\" data-formid=\"33\" method=\"post\" enctype=\"multipart\/form-data\" action=\"\/index.php\/wp-json\/wp\/v2\/pages\/182\" data-token=\"b87cd96ca249306d1a59cb93335e359b\"><noscript class=\"wpforms-error-noscript\">Please enable JavaScript in your browser to complete this form.<\/noscript><div class=\"wpforms-field-container\"><div id=\"wpforms-33-field_0-container\" class=\"wpforms-field wpforms-field-name wpforms-one-half wpforms-first\" data-field-id=\"0\"><label class=\"wpforms-field-label wpforms-label-hide\" for=\"wpforms-33-field_0\">Name <span class=\"wpforms-required-label\">*<\/span><\/label><input type=\"text\" id=\"wpforms-33-field_0\" class=\"wpforms-field-large wpforms-field-required\" name=\"wpforms[fields][0]\" placeholder=\"Votre nom\" required><\/div><div id=\"wpforms-33-field_3-container\" class=\"wpforms-field wpforms-field-email wpforms-one-half\" data-field-id=\"3\"><label class=\"wpforms-field-label wpforms-label-hide\" for=\"wpforms-33-field_3\">Email <span class=\"wpforms-required-label\">*<\/span><\/label><input type=\"email\" id=\"wpforms-33-field_3\" class=\"wpforms-field-large wpforms-field-required\" name=\"wpforms[fields][3]\" placeholder=\"Votre e-mail\" required><\/div><div id=\"wpforms-33-field_2-container\" class=\"wpforms-field wpforms-field-textarea\" data-field-id=\"2\"><label class=\"wpforms-field-label wpforms-label-hide\" for=\"wpforms-33-field_2\">Message <span class=\"wpforms-required-label\">*<\/span><\/label><textarea id=\"wpforms-33-field_2\" class=\"wpforms-field-medium wpforms-field-required\" name=\"wpforms[fields][2]\" placeholder=\"Votre message\" required><\/textarea><\/div><\/div><div class=\"wpforms-submit-container\" ><input type=\"hidden\" name=\"wpforms[id]\" value=\"33\"><input type=\"hidden\" name=\"wpforms[author]\" value=\"1\"><button type=\"submit\" name=\"wpforms[submit]\" class=\"wpforms-submit \" id=\"wpforms-submit-33\" value=\"wpforms-submit\" aria-live=\"assertive\" data-alt-text=\"Envoi en cours...\" data-submit-text=\"Envoyer\">Envoyer<\/button><\/div><\/form><\/div>  <!-- .wpforms-container -->\n\n\n<p>ou par mail : contact@sensplaneur.com<\/p>\n<\/div>\n<\/div>\n\n\n\n<p><\/p>\n\n\n\n<div class=\"wp-block-themeisle-blocks-advanced-columns has-3-columns has-desktop-equal-layout has-tablet-collapsedRows-layout has-mobile-collapsedRows-layout has-nogap-gap has-vertical-flex-start\" id=\"wp-block-themeisle-blocks-advanced-columns-9a419024\"><div class=\"wp-block-themeisle-blocks-advanced-columns-overlay\"><\/div><div class=\"innerblocks-wrap\">\n<div class=\"wp-block-themeisle-blocks-advanced-column\" id=\"wp-block-themeisle-blocks-advanced-column-7cd68ca1\">\n<p class=\"wp-block-themeisle-blocks-font-awesome-icons\" id=\"wp-block-themeisle-blocks-font-awesome-icons-f4299c8c\"><span class=\"wp-block-themeisle-blocks-font-awesome-icons-container\"><i class=\"far fa-map\"><\/i><\/span><\/p>\n\n\n\n<h4 id=\"wp-block-themeisle-blocks-advanced-heading-43cf780d\" class=\"wp-block-themeisle-blocks-advanced-heading wp-block-themeisle-blocks-advanced-heading-43cf780d\">Venir<\/h4>\n\n\n\n<h2 id=\"wp-block-themeisle-blocks-advanced-heading-63763620\" class=\"wp-block-themeisle-blocks-advanced-heading wp-block-themeisle-blocks-advanced-heading-63763620\">Lorem ipsum dolor sit amet, consectetur adipiscing elit, sed do eiusmod tempor incididunt ut labore et dolore magna aliqua.<\/h2>\n<\/div>\n\n\n\n<div class=\"wp-block-themeisle-blocks-advanced-column\" id=\"wp-block-themeisle-blocks-advanced-column-e7135307\">\n<p class=\"wp-block-themeisle-blocks-font-awesome-icons\" id=\"wp-block-themeisle-blocks-font-awesome-icons-06d6c9b6\"><span class=\"wp-block-themeisle-blocks-font-awesome-icons-container\"><i class=\"fas fa-mobile-alt\"><\/i><\/span><\/p>\n\n\n\n<h4 id=\"wp-block-themeisle-blocks-advanced-heading-179c41d4\" class=\"wp-block-themeisle-blocks-advanced-heading wp-block-themeisle-blocks-advanced-heading-179c41d4\">Nous appeler<\/h4>\n\n\n\n<h2 id=\"wp-block-themeisle-blocks-advanced-heading-64222814\" class=\"wp-block-themeisle-blocks-advanced-heading wp-block-themeisle-blocks-advanced-heading-64222814\">Divide details about your product or agency work into parts. A paragraph describing a feature will be enough for the time being.<\/h2>\n<\/div>\n\n\n\n<div class=\"wp-block-themeisle-blocks-advanced-column\" id=\"wp-block-themeisle-blocks-advanced-column-9b5ab025\">\n<p class=\"wp-block-themeisle-blocks-font-awesome-icons\" id=\"wp-block-themeisle-blocks-font-awesome-icons-7272665d\"><span class=\"wp-block-themeisle-blocks-font-awesome-icons-container\"><i class=\"far fa-envelope\"><\/i><\/span><\/p>\n\n\n\n<h4 id=\"wp-block-themeisle-blocks-advanced-heading-6a978ffe\" class=\"wp-block-themeisle-blocks-advanced-heading wp-block-themeisle-blocks-advanced-heading-6a978ffe\">Nous \u00e9crire<\/h4>\n\n\n\n<h2 id=\"wp-block-themeisle-blocks-advanced-heading-daec6431\" class=\"wp-block-themeisle-blocks-advanced-heading wp-block-themeisle-blocks-advanced-heading-daec6431\">Lorem ipsum dolor sit amet, consectetur adipiscing elit, sed do eiusmod tempor incididunt ut labore et dolore magna aliqua.<\/h2>\n<\/div>\n<\/div><\/div>\n\n\n\n<p><\/p>\n\n\n\n<div class=\"wp-block-themeisle-blocks-advanced-columns alignfull has-1-columns has-desktop-equal-layout has-tablet-equal-layout has-mobile-equal-layout has-default-gap has-vertical-center\" id=\"wp-block-themeisle-blocks-advanced-columns-e6e19e58\"><div class=\"wp-block-themeisle-blocks-advanced-columns-overlay\"><\/div><div class=\"innerblocks-wrap\">\n<div class=\"wp-block-themeisle-blocks-advanced-column\" id=\"wp-block-themeisle-blocks-advanced-column-3f49a478\"><\/div>\n<\/div><\/div>\n\n\n<div class=\"wpforms-container wpforms-container-full\" id=\"wpforms-33\"><form id=\"wpforms-form-33\" class=\"wpforms-validate wpforms-form\" data-formid=\"33\" method=\"post\" enctype=\"multipart\/form-data\" action=\"\/index.php\/wp-json\/wp\/v2\/pages\/182\" data-token=\"b87cd96ca249306d1a59cb93335e359b\"><noscript class=\"wpforms-error-noscript\">Please enable JavaScript in your browser to complete this form.<\/noscript><div class=\"wpforms-field-container\"><div id=\"wpforms-33-field_0-container\" class=\"wpforms-field wpforms-field-name wpforms-one-half wpforms-first\" data-field-id=\"0\"><label class=\"wpforms-field-label wpforms-label-hide\" for=\"wpforms-33-field_0\">Name <span class=\"wpforms-required-label\">*<\/span><\/label><input type=\"text\" id=\"wpforms-33-field_0\" class=\"wpforms-field-large wpforms-field-required\" name=\"wpforms[fields][0]\" placeholder=\"Votre nom\" required><\/div><div id=\"wpforms-33-field_3-container\" class=\"wpforms-field wpforms-field-email wpforms-one-half\" data-field-id=\"3\"><label class=\"wpforms-field-label wpforms-label-hide\" for=\"wpforms-33-field_3\">Email <span class=\"wpforms-required-label\">*<\/span><\/label><input type=\"email\" id=\"wpforms-33-field_3\" class=\"wpforms-field-large wpforms-field-required\" name=\"wpforms[fields][3]\" placeholder=\"Votre e-mail\" required><\/div><div id=\"wpforms-33-field_2-container\" class=\"wpforms-field wpforms-field-textarea\" data-field-id=\"2\"><label class=\"wpforms-field-label wpforms-label-hide\" for=\"wpforms-33-field_2\">Message <span class=\"wpforms-required-label\">*<\/span><\/label><textarea id=\"wpforms-33-field_2\" class=\"wpforms-field-medium wpforms-field-required\" name=\"wpforms[fields][2]\" placeholder=\"Votre message\" required><\/textarea><\/div><\/div><div class=\"wpforms-submit-container\" ><input type=\"hidden\" name=\"wpforms[id]\" value=\"33\"><input type=\"hidden\" name=\"wpforms[author]\" value=\"1\"><button type=\"submit\" name=\"wpforms[submit]\" class=\"wpforms-submit \" id=\"wpforms-submit-33\" value=\"wpforms-submit\" aria-live=\"assertive\" data-alt-text=\"Envoi en cours...\" data-submit-text=\"Envoyer\">Envoyer<\/button><\/div><\/form><\/div>  <!-- .wpforms-container -->","protected":false},"excerpt":{"rendered":"<p>Le club est ouvert toute l&#8217;ann\u00e9e, les mercredi, week-end et jour f\u00e9ri\u00e9s et tous les jours pendant les vacances scolaires Venez-nous rendre visite Au sol Sens PlaneurA\u00e9rodrome de Pont-Sur-Yonne89 140 Pont-Sur-Yonne En vol et pour les initi\u00e9s qui souhaitent venir en vol, le code OACI de Pont-sur-YONNE est&nbsp;LFGO Appelez-nous 03 [&hellip;]<\/p>\n","protected":false},"author":1,"featured_media":224,"parent":0,"menu_order":0,"comment_status":"closed","ping_status":"closed","template":"","meta":[],"yoast_head":"<!-- This site is optimized with the Yoast SEO plugin v14.9 - https:\/\/yoast.com\/wordpress\/plugins\/seo\/ -->\n<title>Restons en contact - Sens Planeur<\/title>\n<meta name=\"robots\" content=\"noindex, follow, max-snippet:-1, max-image-preview:large, max-video-preview:-1\" \/>\n<meta property=\"og:locale\" content=\"en_US\" \/>\n<meta property=\"og:type\" content=\"article\" \/>\n<meta property=\"og:title\" content=\"Restons en contact - Sens Planeur\" \/>\n<meta property=\"og:description\" content=\"Le club est ouvert toute l&#8217;ann\u00e9e, les mercredi, week-end et jour f\u00e9ri\u00e9s et tous les jours pendant les vacances scolaires Venez-nous rendre visite Au sol Sens PlaneurA\u00e9rodrome de Pont-Sur-Yonne89 140 Pont-Sur-Yonne En vol et pour les initi\u00e9s qui souhaitent venir en vol, le code OACI de Pont-sur-YONNE est&nbsp;LFGO Appelez-nous 03 [&hellip;]\" \/>\n<meta property=\"og:url\" content=\"http:\/\/hdilhlf.cluster023.hosting.ovh.net\/index.php\/contact\/\" \/>\n<meta property=\"og:site_name\" content=\"Sens Planeur\" \/>\n<meta property=\"article:publisher\" content=\"https:\/\/www.facebook.com\/planeursens\/\" \/>\n<meta property=\"article:modified_time\" content=\"2020-10-04T06:58:45+00:00\" \/>\n<meta property=\"og:image\" content=\"https:\/\/preprod.sensplaneur.fr\/wp-content\/uploads\/2020\/10\/Junior-SZD-51-de\u0301collage-Sens-Planeur-scaled.jpg\" \/>\n\t<meta property=\"og:image:width\" content=\"2560\" \/>\n\t<meta property=\"og:image:height\" content=\"1806\" \/>\n<meta name=\"twitter:card\" content=\"summary_large_image\" \/>\n<script type=\"application\/ld+json\" class=\"yoast-schema-graph\">{\"@context\":\"https:\/\/schema.org\",\"@graph\":[{\"@type\":\"Organization\",\"@id\":\"https:\/\/preprod.sensplaneur.fr\/#organization\",\"name\":\"Sens Planeur\",\"url\":\"https:\/\/preprod.sensplaneur.fr\/\",\"sameAs\":[\"https:\/\/www.facebook.com\/planeursens\/\",\"https:\/\/www.instagram.com\/planeur_sens\/\"],\"logo\":{\"@type\":\"ImageObject\",\"@id\":\"https:\/\/preprod.sensplaneur.fr\/#logo\",\"inLanguage\":\"en-US\",\"url\":\"https:\/\/preprod.sensplaneur.fr\/wp-content\/uploads\/2020\/09\/logo_sens-planeur-300x300-1.png\",\"width\":300,\"height\":300,\"caption\":\"Sens Planeur\"},\"image\":{\"@id\":\"https:\/\/preprod.sensplaneur.fr\/#logo\"}},{\"@type\":\"WebSite\",\"@id\":\"https:\/\/preprod.sensplaneur.fr\/#website\",\"url\":\"https:\/\/preprod.sensplaneur.fr\/\",\"name\":\"Sens Planeur\",\"description\":\"Club de planeur en Bourgogne\",\"publisher\":{\"@id\":\"https:\/\/preprod.sensplaneur.fr\/#organization\"},\"potentialAction\":[{\"@type\":\"SearchAction\",\"target\":\"https:\/\/preprod.sensplaneur.fr\/?s={search_term_string}\",\"query-input\":\"required name=search_term_string\"}],\"inLanguage\":\"en-US\"},{\"@type\":\"ImageObject\",\"@id\":\"http:\/\/hdilhlf.cluster023.hosting.ovh.net\/index.php\/contact\/#primaryimage\",\"inLanguage\":\"en-US\",\"url\":\"https:\/\/preprod.sensplaneur.fr\/wp-content\/uploads\/2020\/10\/Junior-SZD-51-de\\u0301collage-Sens-Planeur-scaled.jpg\",\"width\":2560,\"height\":1806},{\"@type\":\"WebPage\",\"@id\":\"http:\/\/hdilhlf.cluster023.hosting.ovh.net\/index.php\/contact\/#webpage\",\"url\":\"http:\/\/hdilhlf.cluster023.hosting.ovh.net\/index.php\/contact\/\",\"name\":\"Restons en contact - Sens Planeur\",\"isPartOf\":{\"@id\":\"https:\/\/preprod.sensplaneur.fr\/#website\"},\"primaryImageOfPage\":{\"@id\":\"http:\/\/hdilhlf.cluster023.hosting.ovh.net\/index.php\/contact\/#primaryimage\"},\"datePublished\":\"2020-10-03T18:37:23+00:00\",\"dateModified\":\"2020-10-04T06:58:45+00:00\",\"inLanguage\":\"en-US\",\"potentialAction\":[{\"@type\":\"ReadAction\",\"target\":[\"http:\/\/hdilhlf.cluster023.hosting.ovh.net\/index.php\/contact\/\"]}]}]}<\/script>\n<!-- \/ Yoast SEO plugin. -->","_links":{"self":[{"href":"https:\/\/preprod.sensplaneur.fr\/index.php\/wp-json\/wp\/v2\/pages\/182"}],"collection":[{"href":"https:\/\/preprod.sensplaneur.fr\/index.php\/wp-json\/wp\/v2\/pages"}],"about":[{"href":"https:\/\/preprod.sensplaneur.fr\/index.php\/wp-json\/wp\/v2\/types\/page"}],"author":[{"embeddable":true,"href":"https:\/\/preprod.sensplaneur.fr\/index.php\/wp-json\/wp\/v2\/users\/1"}],"replies":[{"embeddable":true,"href":"https:\/\/preprod.sensplaneur.fr\/index.php\/wp-json\/wp\/v2\/comments?post=182"}],"version-history":[{"count":6,"href":"https:\/\/preprod.sensplaneur.fr\/index.php\/wp-json\/wp\/v2\/pages\/182\/revisions"}],"predecessor-version":[{"id":230,"href":"https:\/\/preprod.sensplaneur.fr\/index.php\/wp-json\/wp\/v2\/pages\/182\/revisions\/230"}],"wp:featuredmedia":[{"embeddable":true,"href":"https:\/\/preprod.sensplaneur.fr\/index.php\/wp-json\/wp\/v2\/media\/224"}],"wp:attachment":[{"href":"https:\/\/preprod.sensplaneur.fr\/index.php\/wp-json\/wp\/v2\/media?parent=182"}],"curies":[{"name":"wp","href":"https:\/\/api.w.org\/{rel}","templated":true}]}}